{"id":6917,"date":"2022-10-10T16:03:08","date_gmt":"2022-10-10T16:03:08","guid":{"rendered":"https:\/\/grupogestinver.com\/?page_id=6917"},"modified":"2025-01-15T08:34:14","modified_gmt":"2025-01-15T08:34:14","slug":"politica-de-cookies","status":"publish","type":"page","link":"https:\/\/grupogestinver.com\/en\/politica-de-cookies\/","title":{"rendered":"Cookies policy"},"content":{"rendered":"<div data-elementor-type=\"wp-page\" data-elementor-id=\"6917\" class=\"elementor elementor-6917\">\n\t\t\t\t\t\t<section class=\"elementor-section elementor-top-section elementor-element elementor-element-7877e91 elementor-section-boxed elementor-section-height-default elementor-section-height-default qodef-elementor-content-no\" data-id=\"7877e91\" data-element_type=\"section\">\n\t\t\t\t\t\t<div class=\"elementor-container elementor-column-gap-default\">\n\t\t\t\t\t<div class=\"elementor-column elementor-col-100 elementor-top-column elementor-element elementor-element-e58cfe9\" data-id=\"e58cfe9\" data-element_type=\"column\">\n\t\t\t<div class=\"elementor-widget-wrap elementor-element-populated\">\n\t\t\t\t\t\t<div class=\"elementor-element elementor-element-6082a4e elementor-widget elementor-widget-text-editor\" data-id=\"6082a4e\" data-element_type=\"widget\" data-widget_type=\"text-editor.default\">\n\t\t\t\t<div class=\"elementor-widget-container\">\n\t\t\t\t\t\t\t\t\t<header>\n<h2>COOKIES POLICY<\/h2>\n<\/header>\n<div class=\"\">\n<div class=\"\">\n\nEn esta web se utilizan cookies de terceros y propias para conseguir que tengas una mejor experiencia de navegaci\u00f3n, puedas compartir contenido en redes sociales y para que podamos obtener estad\u00edsticas de los usuarios.\n\nPuedes evitar la descarga de cookies a trav\u00e9s de la configuraci\u00f3n de tu navegador, evitando que las cookies se almacenen en su dispositivo.\n\nComo propietario de este sitio web, te comunico que no utilizamos ninguna informaci\u00f3n personal procedente de cookies, tan s\u00f3lo realizamos estad\u00edsticas generales de visitas que no suponen ninguna informaci\u00f3n personal.\n\nEs muy importante que leas la presente pol\u00edtica de cookies y comprendas que, si contin\u00faas navegando, consideraremos que aceptas su uso.\n\nSeg\u00fan los t\u00e9rminos incluidos en el art\u00edculo 22.2 de la Ley 34\/2002 de Servicios de la Sociedad de la Informaci\u00f3n y Comercio Electr\u00f3nico, si contin\u00faas navegando, estar\u00e1s prestando tu consentimiento para el empleo de los referidos mecanismos.\n<h3>RESPONSIBLE ENTITY<\/h3>\n<p class=\"ng-binding\">La entidad responsable de la recogida, procesamiento y utilizaci\u00f3n de tus datos personales, en el sentido establecido por la Ley de Protecci\u00f3n de Datos Personales es la p\u00e1gina www.grupogestinver.com, propiedad de GESTINVER DALAND SL \u2013 Camino de Silla s\/n, 46960 (Aldaia) Valencia.<\/p>\n\n<h3>WHAT ARE COOKIES?<\/h3>\nCookies are a set of data that a server deposits in the user's browser to collect standard\nInternet log information and information on the behaviour of visitors to a website. In other\nwords, they are small text files that are stored on the computer's hard drive and are used\nto identify the user when he\/she logs on to the website again. Their purpose is to record\nthe user's visit and to store certain information. Their use is common and frequent on the\nweb as they allow pages to function more efficiently and achieve greater personalisation\nand analysis of user behaviour.\n<h3>WHAT TYPES OF COOKIES ARE THERE?<\/h3>\nThe cookies used on our website are session and third-party cookies, and allow us to store\nand access information relating to language, the type of browser used, and other general\ncharacteristics predefined by the user, as well as to monitor and analyse the activity\ncarried out, in order to introduce improvements and provide our services in a more\nefficient and personalised manner.\n<p class=\"ng-binding\">Cookies, depending on their permanence, can be divided into session or permanent\ncookies. Those that expire when the user closes the browser. Those that expire depending\non when the purpose for which they are used is fulfilled (for example, so that the user\nremains identified in the services) or when they are manually deleted.<\/p>\n\n<table border=\"0\" width=\"100%\" cellpadding=\"15\">\n<tbody>\n<tr>\n<td>Name<\/td>\n<td>Type<\/td>\n<td>Expiration<\/td>\n<td>Purpose<\/td>\n<td>Class<\/td>\n<\/tr>\n<tr>\n<td>__utma<\/td>\n<td>Third-party (Google Analytics)<\/td>\n<td>2 years<\/td>\n<td>Used to distinguish users and sessions<\/td>\n<td>Not Exempt<\/td>\n<\/tr>\n<tr>\n<td>__utmb<\/td>\n<td>Third-party (Google Analytics)<\/td>\n<td>30 minutes<\/td>\n<td>Used to determine new sessions or\nvisits<\/td>\n<td>Not Exempt<\/td>\n<\/tr>\n<tr>\n<td>__utmc<\/td>\n<td>Third-party (Google Analytics)<\/td>\n<td>At the end of the session<\/td>\n<td>Set up for use with Urchin<\/td>\n<td>Not Exempt<\/td>\n<\/tr>\n<tr>\n<td>__utmz<\/td>\n<td>Third-party (Google Analytics)<\/td>\n<td>6 months<\/td>\n<td>tores the source or campaign that\nexplains how the user arrived at the website<\/td>\n<td>Not Exempt<\/td>\n<\/tr>\n<\/tbody>\n<\/table>\n<p class=\"ng-binding\">Additionally, depending on their purpose, cookies can be classified as follows:<\/p>\n\n<h3>PERFORMANCE COOKIES<\/h3>\nThis type of cookie remembers your preferences for the tools found in the services, so you\ndo not have to reconfigure the service each time you visit. By way of example, this type\nincludes: Volume settings for video or sound players. Video streaming speeds that are\ncompatible with your browser. Objects saved in the \"shopping cart\" in e-commerce\nservices such as shops.\n<h3>GEO-LOCATION COOKIES<\/h3>\nThese cookies are used to find out which country you are in when you request a service.\nThis cookie is completely anonymous, and is only used to help target content to your\nlocation.\n<h3>REGISTRATION COOKIES<\/h3>\nLas cookies de registro se generan una vez que el usuario se ha registrado o posteriormente ha abierto su sesi\u00f3n, y se utilizan para identificarle en los servicios con los siguientes objetivos:\n\nMantener al usuario identificado de forma que, si cierra un servicio, el navegador o el ordenador y en otro momento u otro d\u00eda vuelve a entrar en dicho servicio, seguir\u00e1 identificado, facilitando as\u00ed su navegaci\u00f3n sin tener que volver a identificarse. Esta funcionalidad se puede suprimir si el usuario pulsa la funcionalidad [cerrar sesi\u00f3n], de forma que esta cookie se elimina y la pr\u00f3xima vez que entre en el servicio el usuario tendr\u00e1 que iniciar sesi\u00f3n para estar identificado.\n\nComprobar si el usuario est\u00e1 autorizado para acceder a ciertos servicios, por ejemplo, para participar en un concurso.\n\nAdicionalmente, algunos servicios pueden utilizar conectores con redes sociales tales como Facebook o Twitter. Cuando el usuario se registra en un servicio con credenciales de una red social, autoriza a la red social a guardar una Cookie persistente que recuerda su identidad y le garantiza acceso a los servicios hasta que expira. El usuario puede borrar esta Cookie y revocar el acceso a los servicios mediante redes sociales actualizando sus preferencias en la red social que espec\u00edfica.\n<h3>ANALYTICS COOKIES<\/h3>\n<p class=\"ng-binding\">Each time a user visits a service, a tool from an external provider generates an analytics\ncookie on the user's computer. This cookie, which is only generated during the visit, will be\nused during future visits to the services to anonymously identify the visitor. The main\nobjectives pursued are:<\/p>\nPermitir la identificaci\u00f3n an\u00f3nima de los usuarios navegantes a trav\u00e9s de la cookie (identifica navegadores y dispositivos, no personas) y por lo tanto la contabilizaci\u00f3n aproximada del n\u00famero de visitantes y su tendencia en el tiempo.\nIdentificar de forma an\u00f3nima los contenidos m\u00e1s visitados y por lo tanto m\u00e1s atractivos para los usuarios Saber si el usuario que est\u00e1 accediendo es nuevo o repite visita.\n<p class=\"ng-binding\">Important: Unless the user decides to register for a service, the cookie will never be\nassociated with any personal data that can identify him\/her. These cookies will only be\nused for statistical purposes to help optimise the user experience on the site.<\/p>\n\n<h3>ADVERTISING COOKIES<\/h3>\n<p class=\"ng-binding\">This type of cookies allow to extend the information of the advertisements shown to each\nanonymous user in the services of . Among others, they store the duration or frequency of\nviewing advertising positions, interaction with them, or browsing patterns and \/ or user\nbehaviour as they help to form a profile of advertising interest. In this way, they make it\npossible to offer advertising related to the user's interests.<\/p>\n\n<h3>THIRD-PARTY ADVERTISING COOKIES<\/h3>\n<p class=\"ng-binding\">In addition to the advertising managed by the websites in their services, the websites\noffer their advertisers the option of serving ads through third parties (\"Ad-Servers\"). In this\nway, these third parties can store cookies sent by the Ad-Servers services from users'\nbrowsers, as well as access the data stored in them.<\/p>\n<p class=\"ng-binding\">The companies that generate these cookies have their own privacy policies. Currently, the\nwebsites use the Doubleclick platform (Google) to manage these services. For more\ninformation, go to<\/p>\n<a href=\"http:\/\/www.google.es\/policies\/privacy\/ads\/#toc-doubleclick\">http:\/\/www.google.es\/policies\/privacy\/ads\/#toc-doubleclick<\/a>\u00a0y a\u00a0<a href=\"http:\/\/www.google.es\/policies\/privacy\/ads\/\">http:\/\/www.google.es\/policies\/privacy\/ads\/<\/a>.\n<h3>HOW CAN I DISABLE COOKIES IN MY BROWSER?<\/h3>\nSe pueden configurar los diferentes navegadores para avisar al usuario de la recepci\u00f3n de cookies y, si se desea, impedir su instalaci\u00f3n en el equipo. Asimismo, el usuario puede revisar en su navegador qu\u00e9 cookies tiene instaladas y cu\u00e1l es el plazo de caducidad de las mismas, pudiendo eliminarlas.\n\nPara ampliar esta informaci\u00f3n consulte las instrucciones y manuales de su navegador:\n\nPara m\u00e1s informaci\u00f3n sobre la administraci\u00f3n de las cookies en Google Chrome:\u00a0<a href=\"https:\/\/support.google.com\/chrome\/answer\/95647?hl=es\">https:\/\/support.google.com\/chrome\/answer\/95647?hl=es<\/a>\n\nFor more information on the management of cookies in Internet Explorer: http:\u00a0<a href=\"http:\/\/windows.microsoft.com\/es-es\/windows-vista\/cookies-frequently-asked-questions\">http:\/\/windows.microsoft.com\/es-es\/windows-vista\/cookies-frequently-asked-questions<\/a>\n\nFor more information on managing cookies in Mozilla Firefox: http:\u00a0<a href=\"http:\/\/support.mozilla.org\/es\/kb\/habilitar-y-deshabilitar-cookies-que-los-sitios-we%20\">http:\/\/support.mozilla.org\/es\/kb\/habilitar-y-deshabilitar-cookies-que-los-sitios-we<\/a>\n\nFor more information on managing cookies in Safari: http:\u00a0<a href=\"http:\/\/www.apple.com\/es\/privacy\/use-of-cookies\/%20\">http:\/\/www.apple.com\/es\/privacy\/use-of-cookies\/<\/a>\n\nFor more information about managing cookies in Opera:\u00a0<a href=\"http:\/\/help.opera.com\/Windows\/11.50\/es-ES\/cookies.html\">http:\/\/help.opera.com\/Windows\/11.50\/es-ES\/cookies.html<\/a>\n\nIf you want to stop being tracked by Google Analytics visit:\u00a0<a href=\"http:\/\/tools.google.com\/dlpage\/gaoptout\">http:\/\/tools.google.com\/dlpage\/gaoptout<\/a>\n<h3>TO LEARN MORE ABOUT COOKIES<\/h3>\nYou can learn more about online behavioural advertising and online privacy at the\nfollowing link:\u00a0<a href=\"http:\/\/www.youronlinechoices.com\/es\/\">http:\/\/www.youronlinechoices.com\/es\/<\/a>\n\nGoogle Analytics data protection:\u00a0<a href=\"http:\/\/www.google.com\/analytics\/learn\/privacy.html\">http:\/\/www.google.com\/analytics\/learn\/privacy.html<\/a>\n\nHow Google Analytics uses cookies:\u00a0<a href=\"https:\/\/developers.google.com\/analytics\/devguides\/collection\/analyticsjs\/cookie-usage?hl=es#analyticsjs\">https:\/\/developers.google.com\/analytics\/devguides\/collection\/analyticsjs\/cookie-usage?hl=es#analyticsjs<\/a>\n<h3>UPDATES AND CHANGES TO PRIVACY\/COOKIE POLICY<\/h3>\n<p class=\"ng-binding\">The websites may modify this Cookies Policy in accordance with legislative or regulatory\nrequirements, or in order to adapt said policy to the instructions issued by the Spanish\nData Protection Agency, for which reason users are advised to visit it periodically.<\/p>\nWhen significant changes are made to this Cookies Policy, these will be communicated to\nusers either through the website or by email to registered users.\n\n<\/div>\n<\/div>\t\t\t\t\t\t\t\t<\/div>\n\t\t\t\t<\/div>\n\t\t\t\t\t<\/div>\n\t\t<\/div>\n\t\t\t\t\t<\/div>\n\t\t<\/section>\n\t\t\t\t<\/div>","protected":false},"excerpt":{"rendered":"<p>POL\u00cdTICA DE COOKIES En esta web se utilizan cookies de terceros y propias para conseguir que tengas una mejor experiencia de navegaci\u00f3n, puedas compartir contenido en redes sociales y para que podamos obtener estad\u00edsticas de los usuarios. Puedes evitar la descarga de cookies a trav\u00e9s de la configuraci\u00f3n de tu navegador, evitando que las cookies [&hellip;]<\/p>","protected":false},"author":2,"featured_media":0,"parent":0,"menu_order":0,"comment_status":"closed","ping_status":"closed","template":"elementor_header_footer","meta":{"footnotes":""},"class_list":["post-6917","page","type-page","status-publish","hentry"],"yoast_head":"<!-- This site is optimized with the Yoast SEO plugin v26.8 - https:\/\/yoast.com\/product\/yoast-seo-wordpress\/ -->\n<title>Pol\u00edtica de cookies - Grupo Gestinver<\/title>\n<meta name=\"description\" content=\"Pol\u00edtica de cookies Grupo Gestinver\" \/>\n<meta name=\"robots\" content=\"noindex, nofollow\" \/>\n<meta property=\"og:locale\" content=\"en_GB\" \/>\n<meta property=\"og:type\" content=\"article\" \/>\n<meta property=\"og:title\" content=\"Pol\u00edtica de cookies - Grupo Gestinver\" \/>\n<meta property=\"og:description\" content=\"Pol\u00edtica de cookies Grupo Gestinver\" \/>\n<meta property=\"og:url\" content=\"https:\/\/grupogestinver.com\/en\/politica-de-cookies\/\" \/>\n<meta property=\"og:site_name\" content=\"Grupo Gestinver\" \/>\n<meta property=\"article:modified_time\" content=\"2025-01-15T08:34:14+00:00\" \/>\n<meta name=\"twitter:card\" content=\"summary_large_image\" \/>\n<meta name=\"twitter:label1\" content=\"Estimated reading time\" \/>\n\t<meta name=\"twitter:data1\" content=\"7 minutes\" \/>\n<script type=\"application\/ld+json\" class=\"yoast-schema-graph\">{\"@context\":\"https:\/\/schema.org\",\"@graph\":[{\"@type\":\"WebPage\",\"@id\":\"https:\/\/grupogestinver.com\/politica-de-cookies\/\",\"url\":\"https:\/\/grupogestinver.com\/politica-de-cookies\/\",\"name\":\"Pol\u00edtica de cookies - Grupo Gestinver\",\"isPartOf\":{\"@id\":\"https:\/\/grupogestinver.com\/#website\"},\"datePublished\":\"2022-10-10T16:03:08+00:00\",\"dateModified\":\"2025-01-15T08:34:14+00:00\",\"description\":\"Pol\u00edtica de cookies Grupo Gestinver\",\"breadcrumb\":{\"@id\":\"https:\/\/grupogestinver.com\/politica-de-cookies\/#breadcrumb\"},\"inLanguage\":\"en-GB\",\"potentialAction\":[{\"@type\":\"ReadAction\",\"target\":[\"https:\/\/grupogestinver.com\/politica-de-cookies\/\"]}]},{\"@type\":\"BreadcrumbList\",\"@id\":\"https:\/\/grupogestinver.com\/politica-de-cookies\/#breadcrumb\",\"itemListElement\":[{\"@type\":\"ListItem\",\"position\":1,\"name\":\"Portada\",\"item\":\"https:\/\/grupogestinver.com\/\"},{\"@type\":\"ListItem\",\"position\":2,\"name\":\"Pol\u00edtica de cookies\"}]},{\"@type\":\"WebSite\",\"@id\":\"https:\/\/grupogestinver.com\/#website\",\"url\":\"https:\/\/grupogestinver.com\/\",\"name\":\"Grupo Gestinver\",\"description\":\"Grupo Gestinver es un grupo empresarial valenciano integrado en el sector de la construcci\u00f3n\",\"publisher\":{\"@id\":\"https:\/\/grupogestinver.com\/#organization\"},\"potentialAction\":[{\"@type\":\"SearchAction\",\"target\":{\"@type\":\"EntryPoint\",\"urlTemplate\":\"https:\/\/grupogestinver.com\/?s={search_term_string}\"},\"query-input\":{\"@type\":\"PropertyValueSpecification\",\"valueRequired\":true,\"valueName\":\"search_term_string\"}}],\"inLanguage\":\"en-GB\"},{\"@type\":\"Organization\",\"@id\":\"https:\/\/grupogestinver.com\/#organization\",\"name\":\"Grupo Gestinver\",\"url\":\"https:\/\/grupogestinver.com\/\",\"logo\":{\"@type\":\"ImageObject\",\"inLanguage\":\"en-GB\",\"@id\":\"https:\/\/grupogestinver.com\/#\/schema\/logo\/image\/\",\"url\":\"https:\/\/grupogestinver.com\/wp-content\/uploads\/2025\/01\/Logo_Gestinver_negro.png\",\"contentUrl\":\"https:\/\/grupogestinver.com\/wp-content\/uploads\/2025\/01\/Logo_Gestinver_negro.png\",\"width\":681,\"height\":175,\"caption\":\"Grupo Gestinver\"},\"image\":{\"@id\":\"https:\/\/grupogestinver.com\/#\/schema\/logo\/image\/\"}}]}<\/script>\n<!-- \/ Yoast SEO plugin. -->","yoast_head_json":{"title":"Pol\u00edtica de cookies - Grupo Gestinver","description":"Pol\u00edtica de cookies Grupo Gestinver","robots":{"index":"noindex","follow":"nofollow"},"og_locale":"en_GB","og_type":"article","og_title":"Pol\u00edtica de cookies - Grupo Gestinver","og_description":"Pol\u00edtica de cookies Grupo Gestinver","og_url":"https:\/\/grupogestinver.com\/en\/politica-de-cookies\/","og_site_name":"Grupo Gestinver","article_modified_time":"2025-01-15T08:34:14+00:00","twitter_card":"summary_large_image","twitter_misc":{"Estimated reading time":"7 minutes"},"schema":{"@context":"https:\/\/schema.org","@graph":[{"@type":"WebPage","@id":"https:\/\/grupogestinver.com\/politica-de-cookies\/","url":"https:\/\/grupogestinver.com\/politica-de-cookies\/","name":"Pol\u00edtica de cookies - Grupo Gestinver","isPartOf":{"@id":"https:\/\/grupogestinver.com\/#website"},"datePublished":"2022-10-10T16:03:08+00:00","dateModified":"2025-01-15T08:34:14+00:00","description":"Pol\u00edtica de cookies Grupo Gestinver","breadcrumb":{"@id":"https:\/\/grupogestinver.com\/politica-de-cookies\/#breadcrumb"},"inLanguage":"en-GB","potentialAction":[{"@type":"ReadAction","target":["https:\/\/grupogestinver.com\/politica-de-cookies\/"]}]},{"@type":"BreadcrumbList","@id":"https:\/\/grupogestinver.com\/politica-de-cookies\/#breadcrumb","itemListElement":[{"@type":"ListItem","position":1,"name":"Portada","item":"https:\/\/grupogestinver.com\/"},{"@type":"ListItem","position":2,"name":"Pol\u00edtica de cookies"}]},{"@type":"WebSite","@id":"https:\/\/grupogestinver.com\/#website","url":"https:\/\/grupogestinver.com\/","name":"Grupo Gestinver","description":"Grupo Gestinver es un grupo empresarial valenciano integrado en el sector de la construcci\u00f3n","publisher":{"@id":"https:\/\/grupogestinver.com\/#organization"},"potentialAction":[{"@type":"SearchAction","target":{"@type":"EntryPoint","urlTemplate":"https:\/\/grupogestinver.com\/?s={search_term_string}"},"query-input":{"@type":"PropertyValueSpecification","valueRequired":true,"valueName":"search_term_string"}}],"inLanguage":"en-GB"},{"@type":"Organization","@id":"https:\/\/grupogestinver.com\/#organization","name":"Grupo Gestinver","url":"https:\/\/grupogestinver.com\/","logo":{"@type":"ImageObject","inLanguage":"en-GB","@id":"https:\/\/grupogestinver.com\/#\/schema\/logo\/image\/","url":"https:\/\/grupogestinver.com\/wp-content\/uploads\/2025\/01\/Logo_Gestinver_negro.png","contentUrl":"https:\/\/grupogestinver.com\/wp-content\/uploads\/2025\/01\/Logo_Gestinver_negro.png","width":681,"height":175,"caption":"Grupo Gestinver"},"image":{"@id":"https:\/\/grupogestinver.com\/#\/schema\/logo\/image\/"}}]}},"_links":{"self":[{"href":"https:\/\/grupogestinver.com\/en\/wp-json\/wp\/v2\/pages\/6917","targetHints":{"allow":["GET"]}}],"collection":[{"href":"https:\/\/grupogestinver.com\/en\/wp-json\/wp\/v2\/pages"}],"about":[{"href":"https:\/\/grupogestinver.com\/en\/wp-json\/wp\/v2\/types\/page"}],"author":[{"embeddable":true,"href":"https:\/\/grupogestinver.com\/en\/wp-json\/wp\/v2\/users\/2"}],"replies":[{"embeddable":true,"href":"https:\/\/grupogestinver.com\/en\/wp-json\/wp\/v2\/comments?post=6917"}],"version-history":[{"count":12,"href":"https:\/\/grupogestinver.com\/en\/wp-json\/wp\/v2\/pages\/6917\/revisions"}],"predecessor-version":[{"id":8095,"href":"https:\/\/grupogestinver.com\/en\/wp-json\/wp\/v2\/pages\/6917\/revisions\/8095"}],"wp:attachment":[{"href":"https:\/\/grupogestinver.com\/en\/wp-json\/wp\/v2\/media?parent=6917"}],"curies":[{"name":"wp","href":"https:\/\/api.w.org\/{rel}","templated":true}]}}