{"id":6912,"date":"2022-10-10T16:01:44","date_gmt":"2022-10-10T16:01:44","guid":{"rendered":"https:\/\/grupogestinver.com\/?page_id=6912"},"modified":"2025-01-15T08:32:43","modified_gmt":"2025-01-15T08:32:43","slug":"aviso-legal","status":"publish","type":"page","link":"https:\/\/grupogestinver.com\/en\/aviso-legal\/","title":{"rendered":"Aviso legal"},"content":{"rendered":"<div data-elementor-type=\"wp-page\" data-elementor-id=\"6912\" class=\"elementor elementor-6912\">\n\t\t\t\t\t\t<section class=\"elementor-section elementor-top-section elementor-element elementor-element-ed46ae5 elementor-section-boxed elementor-section-height-default elementor-section-height-default qodef-elementor-content-no\" data-id=\"ed46ae5\" data-element_type=\"section\">\n\t\t\t\t\t\t<div class=\"elementor-container elementor-column-gap-default\">\n\t\t\t\t\t<div class=\"elementor-column elementor-col-100 elementor-top-column elementor-element elementor-element-da2d414\" data-id=\"da2d414\" data-element_type=\"column\">\n\t\t\t<div class=\"elementor-widget-wrap elementor-element-populated\">\n\t\t\t\t\t\t<div class=\"elementor-element elementor-element-6578d50 elementor-widget elementor-widget-text-editor\" data-id=\"6578d50\" data-element_type=\"widget\" data-widget_type=\"text-editor.default\">\n\t\t\t\t<div class=\"elementor-widget-container\">\n\t\t\t\t\t\t\t\t\t<header class=\"text-center\">\n<h2 class=\"m-auto\">LEGAL NOTICE AND GENERAL CONDITIONS OF USE<\/h2>\n<h4><span class=\"blanc-space ng-binding\">WWW.GRUPOGESTINVER.COM<\/span><\/h4>\n<\/header>\n<div>\n<h3>GENERAL INFORMATION<\/h3>\nEn cumplimiento con el deber de informaci\u00f3n dispuesto en la Ley 34\/2002 de Servicios de la Sociedad de la Informaci\u00f3n y el Comercio Electr\u00f3nico (LSSI-CE) de 11 de julio, se facilitan a continuaci\u00f3n los siguientes datos de informaci\u00f3n general de este sitio web:\n\nLa titularidad de este sitio web,\u00a0<span class=\"blanc-space ng-binding\">WWW.GRUPOGESTINVER.COM<\/span>, (en adelante, Sitio Web) la ostenta: , con CIF: B98869423, y cuyos datos de contacto son:\n\nDirecci\u00f3n:\u00a0<span class=\"blanc-space ng-binding\">Camino de Silla s\/n, 46960 (Aldaia) Valencia.<\/span>\n\nTel\u00e9fono de contacto: 963 49 45 17\n\nEmail de contacto:\u00a0<span class=\"blanc-space ng-binding\">info@grupogestinver.com<\/span>\n<h3>II. GENERAL TERMS AND CONDITIONS OF USE<\/h3>\n<h4>THE OBJECT OF THE CONDITIONS: THE WEBSITE<\/h4>\nThe purpose of these General Conditions of Use (hereinafter, Conditions) is to regulate\naccess to and use of the Website. To the effects of the present Conditions it will be\nunderstood as Web Site: the external appearance of the screen interfaces, so much of\nstatic form as of dynamic form, that is to say, the navigation tree; and all the elements\nintegrated so much in the screen interfaces as in the navigation tree (in ahead, Contents)\nand all those services or resources in line that in its case offers to the Users (in ahead,\nServices).\n\n<span class=\"blanc-space ng-binding\">GESTINVER DALAND SL<\/span>\u00a0Urbamed reserves the faculty to modify, at any time, and without previous warning, the\npresentation and configuration of the Web site and of the Contents and Services that in\nhim could be incorporated. The User recognizes and accepts that at any moment\u00a0<span class=\"blanc-space ng-binding\">GESTINVER DALAND SL<\/span>\u00a0can interrupt, deactivate and\/or cancel any of these elements that are\nintegrated in the Web Site or the access to the same ones.\n<p class=\"\">The access to the Web Site by the User has free character and, as a general rule, is free\nwithout the User has to provide a consideration to be able to enjoy it, except in the relative thing to the cost of connection through the network of telecommunications supplied by\nthe supplier of access that had contracted the User.<\/p>\n<p class=\"\">The use of the Contents does not require any prior subscription or registration.<\/p>\n\n<h4>THE USER<\/h4>\nEl acceso, la navegaci\u00f3n y uso del Sitio Web,\u00a0confiere la condici\u00f3n de Usuario, por lo que se aceptan, desde que se inicia la navegaci\u00f3n por el Sitio Web, todas las Condiciones aqu\u00ed establecidas, as\u00ed como sus ulteriores modificaciones, sin perjuicio de la aplicaci\u00f3n de la correspondiente normativa legal de obligado cumplimiento seg\u00fan el caso. Dada la relevancia de lo anterior, se recomienda al Usuario leerlas cada vez que visite el Sitio Web.\n\nEl Sitio Web de\u00a0<span class=\"blanc-space ng-binding\">GESTINVER DALAND SL<\/span>\u00a0provides great diversity of information, services and data. The user assumes his responsibility to realize a correct use of the Web site. This responsibility\nwill extend to:\n<ul>\n \t<li>A use of the information, Contents and\/or Services and data offered by\u00a0<span class=\"blanc-space ng-binding\">GESTINVER DALAND SL<\/span>\u00a0without being contrary to the arranged thing by the present Conditions, the Law,\nthe moral or the public order, or that in any other way could suppose injury of the\nrights of third parties or of the same operation of the Web site.<\/li>\n \t<li>The veracity and legality of the information provided by the User in the forms\nextended by\u00a0<span class=\"blanc-space ng-binding\">GESTINVER DALAND SL<\/span>\u00a0for the access to certain Contents or Services offered by the\nWeb site. In any case, the User will notify immediately to\u00a0<span class=\"blanc-space ng-binding\">GESTINVER DALAND SL<\/span>\u00a0about any fact\nthat allows the undue use of the information registered in these forms, such as, but\nnot only, the robbery, loss, or the not authorized access to identifiers and\/or\npasswords, in order to proceed to its immediate cancellation.<\/li>\n<\/ul>\nThe mere access to this Web Site does not suppose to establish any type of relation of\ncommercial character between Urbamed and the User.\u00a0<span class=\"blanc-space ng-binding\">GESTINVER DALAND SL<\/span>\u00a0y el Usuario.\n<p class=\"\">The user declares to be of legal age and to have the sufficient legal capacity to be bound\nby the present Conditions. Therefore, this Web site of Urbamed is not directed to minors.\nUrbamed declines any responsibility for the breach of this requirement.\u00a0<span class=\"blanc-space ng-binding\">GESTINVER DALAND SL<\/span>\u00a0no se dirige a menores de edad.\u00a0<span class=\"blanc-space ng-binding\">GESTINVER DALAND SL<\/span>\u00a0declina cualquier responsabilidad por el incumplimiento de este requisito.<\/p>\n\n<h3>III. ACCESS AND NAVIGATION IN THE WEB SITE: EXCLUSION OF GUARANTEES AND\nRESPONSIBILITY<\/h3>\n<span class=\"blanc-space ng-binding\">GESTINVER DALAND SL<\/span>\u00a0does not guarantee the continuity, availability and utility of the Web Site, nor of\nthe Contents or Services.\u00a0<span class=\"blanc-space ng-binding\">GESTINVER DALAND SL<\/span>\u00a0har\u00e1 todo lo posible por el buen funcionamiento del Sitio Web, sin embargo, no se responsabiliza ni garantiza que el acceso a este Sitio Web no vaya a ser ininterrumpido o que est\u00e9 libre de error.\n\nTampoco se responsabiliza o garantiza que el contenido o software al que pueda accederse a trav\u00e9s de este Sitio Web, est\u00e9 libre de error o cause un da\u00f1o al sistema inform\u00e1tico (software y hardware) del Usuario. En ning\u00fan caso\u00a0<span class=\"blanc-space ng-binding\">GESTINVER DALAND SL<\/span>\u00a0will be responsible by\nthe losses, damages or damages of any type that arise by the access, navigation and the\nuse of the Web site, including, but not limiting itself, to the caused ones to the computer\nsystems or the provoked ones by the introduction of virus.\n\n<span class=\"blanc-space ng-binding\">GESTINVER DALAND SL<\/span>\u00a0is not responsible either for the damages that could be caused to the users by\nan inadequate use of this Web site. In particular, it does not become responsible in any\nway of the falls, interruptions, lack or defect of the telecommunications that could\nhappen.\n<h3>LINKS POLICY<\/h3>\n<p class=\"\">Se informa que el Sitio Web de\u00a0<span class=\"blanc-space ng-binding\">GESTINVER DALAND SL<\/span>\u00a0informed that the Web site of urbamed puts or can put at the disposal of the Users\nmeans of link (as, among others, links, banners, buttons), directories and search engines\nthat allow the Users to accede to Web sites belonging and\/or managed by third parties.<\/p>\n<p class=\"\">The installation of these links, directories and search engines in the Web Site has for\nobject to facilitate to the Users the search of and access to the information available in\nInternet, without it can be considered a suggestion, recommendation or invitation for the\nvisit of the same ones.<\/p>\n<span class=\"blanc-space ng-binding\">GESTINVER DALAND SL<\/span>\u00a0no ofrece ni comercializa por s\u00ed ni por medio de terceros los productos y\/o servicios disponibles en dichos sitios enlazados.\n<p class=\"\"><span class=\"blanc-space ng-binding\">GESTINVER DALAND SL<\/span>\u00a0ofrece contenidos patrocinados, anuncios y\/o enlaces de afiliados. La informaci\u00f3n que aparece en estos enlaces de afiliados o los anuncios insertados, son facilitados por los propios anunciantes, por lo que\u00a0<span class=\"blanc-space ng-binding\">GESTINVER DALAND SL<\/span>\u00a0is not responsible for possible inaccuracies or errors\nthat could contain the announcements, nor guarantees in any way the experience,\nintegrity or responsibility of the advertisers or the quality of their products and\/or services.<\/p>\n<p class=\"\">Likewise, neither will guarantee the technical availability, accuracy, veracity, validity or\nlegality of sites outside its property which can be accessed through the links.<\/p>\n<p class=\"\"><span class=\"blanc-space ng-binding\">GESTINVER DALAND SL<\/span>\u00a0in no case will review or control the content of other Web sites, as well as\nneither approves, examines nor makes own the products and services, contents, files and\nany other existing material in the referred linked sites.<\/p>\n<p class=\"\"><span class=\"blanc-space ng-binding\">GESTINVER DALAND SL<\/span>\u00a0no asume ninguna responsabilidad por los da\u00f1os y perjuicios que pudieran producirse por el acceso, uso, calidad o licitud de los contenidos, comunicaciones, opiniones, productos y servicios de los sitios web no gestionados por\u00a0<span class=\"blanc-space ng-binding\">GESTINVER DALAND SL<\/span>\u00a0y que sean enlazados en este Sitio Web.<\/p>\nEl Usuario o tercero que realice un hiperv\u00ednculo desde una p\u00e1gina web de otro, distinto, sitio web al Sitio Web de\u00a0<span class=\"blanc-space ng-binding\">GESTINVER DALAND SL<\/span>\u00a0deber\u00e1 saber que:\n\nNo se permite la reproducci\u00f3n \u2014total o parcialmente\u2014 de ninguno de los Contenidos y\/o Servicios del Sitio Web sin autorizaci\u00f3n expresa de\u00a0<span class=\"blanc-space ng-binding\">GESTINVER DALAND SL<\/span>.\n\nNo se permite tampoco ninguna manifestaci\u00f3n falsa, inexacta o incorrecta sobre el Sitio Web de\u00a0<span class=\"blanc-space ng-binding\">GESTINVER DALAND SL<\/span>, ni sobre los Contenidos y\/o Servicios del mismo.\n\nA excepci\u00f3n del hiperv\u00ednculo, el sitio web en el que se establezca dicho hiperenlace no contendr\u00e1 ning\u00fan elemento, de este Sitio Web, protegido como propiedad intelectual por el ordenamiento jur\u00eddico espa\u00f1ol, salvo autorizaci\u00f3n expresa de\u00a0<span class=\"blanc-space ng-binding\">GESTINVER DALAND SL<\/span>.\n\nEl establecimiento del hiperv\u00ednculo no implicar\u00e1 la existencia de relaciones entre\u00a0<span class=\"blanc-space ng-binding\">GESTINVER DALAND SL<\/span>\u00a0y el titular del sitio web desde el cual se realice, ni el conocimiento y aceptaci\u00f3n de\u00a0<span class=\"blanc-space ng-binding\">GESTINVER DALAND SL<\/span>\u00a0de los contenidos, servicios y\/o actividades ofrecidos en dicho sitio web, y viceversa.\n<h3>V. INTELLECTUAL AND INDUSTRIAL PROPERTY<\/h3>\n<span class=\"blanc-space ng-binding\">GESTINVER DALAND SL<\/span>\u00a0por s\u00ed o como parte cesionaria, es titular de todos los derechos de propiedad intelectual e industrial del Sitio Web, as\u00ed como de los elementos contenidos en el mismo (a t\u00edtulo enunciativo y no exhaustivo, im\u00e1genes, sonido, audio, v\u00eddeo, software o textos, marcas o logotipos, combinaciones de colores, estructura y dise\u00f1o, selecci\u00f3n de materiales usados, programas de ordenador necesarios para su funcionamiento, acceso y uso, etc.). Ser\u00e1n, por consiguiente, obras protegidas como propiedad intelectual por el ordenamiento jur\u00eddico espa\u00f1ol, si\u00e9ndoles aplicables tanto la normativa espa\u00f1ola y comunitaria en este campo, como los tratados internacionales relativos a la materia y suscritos por Espa\u00f1a.\n\nTodos los derechos reservados. En virtud de lo dispuesto en la Ley de Propiedad Intelectual, quedan expresamente prohibidas la reproducci\u00f3n, la distribuci\u00f3n y la comunicaci\u00f3n p\u00fablica, incluida su modalidad de puesta a disposici\u00f3n, de la totalidad o parte de los contenidos de esta p\u00e1gina web, con fines comerciales, en cualquier soporte y por cualquier medio t\u00e9cnico, sin la autorizaci\u00f3n de\u00a0<span class=\"blanc-space ng-binding\">GESTINVER DALAND SL<\/span>.\n\nEl Usuario se compromete a respetar los derechos de propiedad intelectual e industrial de\u00a0<span class=\"blanc-space ng-binding\">GESTINVER DALAND SL<\/span>. Podr\u00e1 visualizar los elementos del Sitio Web o incluso imprimirlos, copiarlos y almacenarlos en el disco duro de su ordenador o en cualquier otro soporte f\u00edsico siempre y cuando sea, exclusivamente, para su uso personal. El Usuario, sin embargo, no podr\u00e1 suprimir, alterar, o manipular cualquier dispositivo de protecci\u00f3n o sistema de seguridad que estuviera instalado en el Sitio Web.\n\nEn caso de que el Usuario o tercero considere que cualquiera de los Contenidos del Sitio Web suponga una violaci\u00f3n de los derechos de protecci\u00f3n de la propiedad intelectual, deber\u00e1 comunicarlo inmediatamente a\u00a0<span class=\"blanc-space ng-binding\">GESTINVER DALAND SL<\/span>\u00a0a trav\u00e9s de los datos de contacto del apartado de INFORMACI\u00d3N GENERAL de este Aviso Legal y Condiciones Generales de Uso.\n<h3>VI. LEGAL ACTIONS, APPLICABLE LAW AND JURISDICTION<\/h3>\n<span class=\"blanc-space ng-binding\">GESTINVER DALAND SL<\/span>\u00a0se reserva la facultad de presentar las acciones civiles o penales que considere necesarias por la utilizaci\u00f3n indebida del Sitio Web y Contenidos, o por el incumplimiento de las presentes Condiciones.\n\nLa relaci\u00f3n entre el Usuario y\u00a0<span class=\"blanc-space ng-binding\">GESTINVER DALAND SL<\/span>\u00a0se regir\u00e1 por la normativa vigente y de aplicaci\u00f3n en el territorio espa\u00f1ol. De surgir cualquier controversia en relaci\u00f3n con la interpretaci\u00f3n y\/o a la aplicaci\u00f3n de estas Condiciones las partes someter\u00e1n sus conflictos a la jurisdicci\u00f3n ordinaria someti\u00e9ndose a los jueces y tribunales que correspondan conforme a derecho.\n\nEste documento de Aviso Legal y Condiciones Generales de uso del sitio web ha sido creado mediante el generador de\u00a0<a class=\"text-body\" href=\"https:\/\/legales.zimrre.com\/\">plantilla de aviso legal y condiciones de uso<\/a>\u00a0online el d\u00eda 16\/07\/2021.\n\n<\/div>\t\t\t\t\t\t\t\t<\/div>\n\t\t\t\t<\/div>\n\t\t\t\t\t<\/div>\n\t\t<\/div>\n\t\t\t\t\t<\/div>\n\t\t<\/section>\n\t\t\t\t<\/div>","protected":false},"excerpt":{"rendered":"<p>AVISO LEGAL Y CONDICIONES GENERALES DE USO WWW.GRUPOGESTINVER.COM I. INFORMACI\u00d3N GENERAL En cumplimiento con el deber de informaci\u00f3n dispuesto en la Ley 34\/2002 de Servicios de la Sociedad de la Informaci\u00f3n y el Comercio Electr\u00f3nico (LSSI-CE) de 11 de julio, se facilitan a continuaci\u00f3n los siguientes datos de informaci\u00f3n general de este sitio web: La [&hellip;]<\/p>","protected":false},"author":2,"featured_media":0,"parent":0,"menu_order":0,"comment_status":"closed","ping_status":"closed","template":"elementor_header_footer","meta":{"footnotes":""},"class_list":["post-6912","page","type-page","status-publish","hentry"],"yoast_head":"<!-- This site is optimized with the Yoast SEO plugin v26.8 - https:\/\/yoast.com\/product\/yoast-seo-wordpress\/ -->\n<title>Aviso legal - Grupo Gestinver<\/title>\n<meta name=\"description\" content=\"Aviso legal Grupo Gestinver\" \/>\n<meta name=\"robots\" content=\"noindex, nofollow\" \/>\n<meta property=\"og:locale\" content=\"en_GB\" \/>\n<meta property=\"og:type\" content=\"article\" \/>\n<meta property=\"og:title\" content=\"Aviso legal - Grupo Gestinver\" \/>\n<meta property=\"og:description\" content=\"Aviso legal Grupo Gestinver\" \/>\n<meta property=\"og:url\" content=\"https:\/\/grupogestinver.com\/en\/aviso-legal\/\" \/>\n<meta property=\"og:site_name\" content=\"Grupo Gestinver\" \/>\n<meta property=\"article:modified_time\" content=\"2025-01-15T08:32:43+00:00\" \/>\n<meta name=\"twitter:card\" content=\"summary_large_image\" \/>\n<meta name=\"twitter:label1\" content=\"Estimated reading time\" \/>\n\t<meta name=\"twitter:data1\" content=\"9 minutes\" \/>\n<script type=\"application\/ld+json\" class=\"yoast-schema-graph\">{\"@context\":\"https:\/\/schema.org\",\"@graph\":[{\"@type\":\"WebPage\",\"@id\":\"https:\/\/grupogestinver.com\/aviso-legal\/\",\"url\":\"https:\/\/grupogestinver.com\/aviso-legal\/\",\"name\":\"Aviso legal - Grupo Gestinver\",\"isPartOf\":{\"@id\":\"https:\/\/grupogestinver.com\/#website\"},\"datePublished\":\"2022-10-10T16:01:44+00:00\",\"dateModified\":\"2025-01-15T08:32:43+00:00\",\"description\":\"Aviso legal Grupo Gestinver\",\"breadcrumb\":{\"@id\":\"https:\/\/grupogestinver.com\/aviso-legal\/#breadcrumb\"},\"inLanguage\":\"en-GB\",\"potentialAction\":[{\"@type\":\"ReadAction\",\"target\":[\"https:\/\/grupogestinver.com\/aviso-legal\/\"]}]},{\"@type\":\"BreadcrumbList\",\"@id\":\"https:\/\/grupogestinver.com\/aviso-legal\/#breadcrumb\",\"itemListElement\":[{\"@type\":\"ListItem\",\"position\":1,\"name\":\"Portada\",\"item\":\"https:\/\/grupogestinver.com\/\"},{\"@type\":\"ListItem\",\"position\":2,\"name\":\"Aviso legal\"}]},{\"@type\":\"WebSite\",\"@id\":\"https:\/\/grupogestinver.com\/#website\",\"url\":\"https:\/\/grupogestinver.com\/\",\"name\":\"Grupo Gestinver\",\"description\":\"Grupo Gestinver es un grupo empresarial valenciano integrado en el sector de la construcci\u00f3n\",\"publisher\":{\"@id\":\"https:\/\/grupogestinver.com\/#organization\"},\"potentialAction\":[{\"@type\":\"SearchAction\",\"target\":{\"@type\":\"EntryPoint\",\"urlTemplate\":\"https:\/\/grupogestinver.com\/?s={search_term_string}\"},\"query-input\":{\"@type\":\"PropertyValueSpecification\",\"valueRequired\":true,\"valueName\":\"search_term_string\"}}],\"inLanguage\":\"en-GB\"},{\"@type\":\"Organization\",\"@id\":\"https:\/\/grupogestinver.com\/#organization\",\"name\":\"Grupo Gestinver\",\"url\":\"https:\/\/grupogestinver.com\/\",\"logo\":{\"@type\":\"ImageObject\",\"inLanguage\":\"en-GB\",\"@id\":\"https:\/\/grupogestinver.com\/#\/schema\/logo\/image\/\",\"url\":\"https:\/\/grupogestinver.com\/wp-content\/uploads\/2025\/01\/Logo_Gestinver_negro.png\",\"contentUrl\":\"https:\/\/grupogestinver.com\/wp-content\/uploads\/2025\/01\/Logo_Gestinver_negro.png\",\"width\":681,\"height\":175,\"caption\":\"Grupo Gestinver\"},\"image\":{\"@id\":\"https:\/\/grupogestinver.com\/#\/schema\/logo\/image\/\"}}]}<\/script>\n<!-- \/ Yoast SEO plugin. -->","yoast_head_json":{"title":"Aviso legal - Grupo Gestinver","description":"Aviso legal Grupo Gestinver","robots":{"index":"noindex","follow":"nofollow"},"og_locale":"en_GB","og_type":"article","og_title":"Aviso legal - Grupo Gestinver","og_description":"Aviso legal Grupo Gestinver","og_url":"https:\/\/grupogestinver.com\/en\/aviso-legal\/","og_site_name":"Grupo Gestinver","article_modified_time":"2025-01-15T08:32:43+00:00","twitter_card":"summary_large_image","twitter_misc":{"Estimated reading time":"9 minutes"},"schema":{"@context":"https:\/\/schema.org","@graph":[{"@type":"WebPage","@id":"https:\/\/grupogestinver.com\/aviso-legal\/","url":"https:\/\/grupogestinver.com\/aviso-legal\/","name":"Aviso legal - Grupo Gestinver","isPartOf":{"@id":"https:\/\/grupogestinver.com\/#website"},"datePublished":"2022-10-10T16:01:44+00:00","dateModified":"2025-01-15T08:32:43+00:00","description":"Aviso legal Grupo Gestinver","breadcrumb":{"@id":"https:\/\/grupogestinver.com\/aviso-legal\/#breadcrumb"},"inLanguage":"en-GB","potentialAction":[{"@type":"ReadAction","target":["https:\/\/grupogestinver.com\/aviso-legal\/"]}]},{"@type":"BreadcrumbList","@id":"https:\/\/grupogestinver.com\/aviso-legal\/#breadcrumb","itemListElement":[{"@type":"ListItem","position":1,"name":"Portada","item":"https:\/\/grupogestinver.com\/"},{"@type":"ListItem","position":2,"name":"Aviso legal"}]},{"@type":"WebSite","@id":"https:\/\/grupogestinver.com\/#website","url":"https:\/\/grupogestinver.com\/","name":"Grupo Gestinver","description":"Grupo Gestinver es un grupo empresarial valenciano integrado en el sector de la construcci\u00f3n","publisher":{"@id":"https:\/\/grupogestinver.com\/#organization"},"potentialAction":[{"@type":"SearchAction","target":{"@type":"EntryPoint","urlTemplate":"https:\/\/grupogestinver.com\/?s={search_term_string}"},"query-input":{"@type":"PropertyValueSpecification","valueRequired":true,"valueName":"search_term_string"}}],"inLanguage":"en-GB"},{"@type":"Organization","@id":"https:\/\/grupogestinver.com\/#organization","name":"Grupo Gestinver","url":"https:\/\/grupogestinver.com\/","logo":{"@type":"ImageObject","inLanguage":"en-GB","@id":"https:\/\/grupogestinver.com\/#\/schema\/logo\/image\/","url":"https:\/\/grupogestinver.com\/wp-content\/uploads\/2025\/01\/Logo_Gestinver_negro.png","contentUrl":"https:\/\/grupogestinver.com\/wp-content\/uploads\/2025\/01\/Logo_Gestinver_negro.png","width":681,"height":175,"caption":"Grupo Gestinver"},"image":{"@id":"https:\/\/grupogestinver.com\/#\/schema\/logo\/image\/"}}]}},"_links":{"self":[{"href":"https:\/\/grupogestinver.com\/en\/wp-json\/wp\/v2\/pages\/6912","targetHints":{"allow":["GET"]}}],"collection":[{"href":"https:\/\/grupogestinver.com\/en\/wp-json\/wp\/v2\/pages"}],"about":[{"href":"https:\/\/grupogestinver.com\/en\/wp-json\/wp\/v2\/types\/page"}],"author":[{"embeddable":true,"href":"https:\/\/grupogestinver.com\/en\/wp-json\/wp\/v2\/users\/2"}],"replies":[{"embeddable":true,"href":"https:\/\/grupogestinver.com\/en\/wp-json\/wp\/v2\/comments?post=6912"}],"version-history":[{"count":11,"href":"https:\/\/grupogestinver.com\/en\/wp-json\/wp\/v2\/pages\/6912\/revisions"}],"predecessor-version":[{"id":8060,"href":"https:\/\/grupogestinver.com\/en\/wp-json\/wp\/v2\/pages\/6912\/revisions\/8060"}],"wp:attachment":[{"href":"https:\/\/grupogestinver.com\/en\/wp-json\/wp\/v2\/media?parent=6912"}],"curies":[{"name":"wp","href":"https:\/\/api.w.org\/{rel}","templated":true}]}}