{"id":6510,"date":"2022-09-23T14:17:42","date_gmt":"2022-09-23T14:17:42","guid":{"rendered":"https:\/\/grupogestinver.com\/?page_id=6510"},"modified":"2025-03-27T10:41:06","modified_gmt":"2025-03-27T10:41:06","slug":"quienes-somos","status":"publish","type":"page","link":"https:\/\/grupogestinver.com\/en\/quienes-somos\/","title":{"rendered":"About Us"},"content":{"rendered":"<div data-elementor-type=\"wp-page\" data-elementor-id=\"6510\" class=\"elementor elementor-6510\">\n\t\t\t\t\t\t<section class=\"elementor-section elementor-top-section elementor-element elementor-element-877fd70 elementor-section-full_width elementor-section-stretched elementor-section-height-default elementor-section-height-default qodef-elementor-content-no\" data-id=\"877fd70\" data-element_type=\"section\" data-settings=\"{&quot;stretch_section&quot;:&quot;section-stretched&quot;}\">\n\t\t\t\t\t\t<div class=\"elementor-container elementor-column-gap-default\">\n\t\t\t\t\t<div class=\"elementor-column elementor-col-100 elementor-top-column elementor-element elementor-element-2f3180f\" data-id=\"2f3180f\" data-element_type=\"column\">\n\t\t\t<div class=\"elementor-widget-wrap elementor-element-populated\">\n\t\t\t\t\t\t<div class=\"elementor-element elementor-element-0cd7149 elementor-widget elementor-widget-qi_addons_for_elementor_timeline\" data-id=\"0cd7149\" data-element_type=\"widget\" data-widget_type=\"qi_addons_for_elementor_timeline.default\">\n\t\t\t\t<div class=\"elementor-widget-container\">\n\t\t\t\t\t<div class=\"qodef-shortcode qodef-m qodef-qi-timeline qodef-timeline--vertical qodef-timeline-layout--vertical-separated qodef-line--inside qodef-point--standard qodef-qi--has-appear qodef-reverse-padding\">\n\t<div class=\"qodef-e qodef-e-item elementor-repeater-item-9ed773f qodef-obverse\">\n\t<div class=\"qodef-e-line-holder\">\n\t\t<span class=\"qodef-e-line\"><\/span>\n\t<\/div>\n\t<div class=\"qodef-e-item-inner\">\n\t\t<div class=\"qodef-e-point-holder\">\n\t\t\t<div class=\"qodef-e-point\">\n\t\t\t\t\t\t\t<\/div>\n\t\t<\/div>\n\t\t<div class=\"qodef-e-side-holder\">\n\t\t\t<div class=\"qodef-e-image\">\n\t<img fetchpriority=\"high\" decoding=\"async\" width=\"681\" height=\"175\" src=\"https:\/\/grupogestinver.com\/wp-content\/uploads\/2025\/01\/Logo_Gestinver_negro.png\" class=\"attachment-qi_addons_for_elementor_image_size_landscape size-qi_addons_for_elementor_image_size_landscape\" alt=\"Grupo Gestinver\" srcset=\"https:\/\/grupogestinver.com\/wp-content\/uploads\/2025\/01\/Logo_Gestinver_negro.png 681w, https:\/\/grupogestinver.com\/wp-content\/uploads\/2025\/01\/Logo_Gestinver_negro-300x77.png 300w, https:\/\/grupogestinver.com\/wp-content\/uploads\/2025\/01\/Logo_Gestinver_negro-18x5.png 18w\" sizes=\"(max-width: 681px) 100vw, 681px\" \/><\/div>\n\t\t<\/div>\n\t\t<div class=\"qodef-e-content-holder\">\n\t\t\t\t\t\t\t<h5 class=\"qodef-e-title\">\n\t\tThe Company\t\t<\/h5>\n\t\t\t\t\t<p class=\"qodef-e-text\">\n\t\tGRUPO GESTINVER es una compa\u00f1\u00eda valenciana integrada en el sector de la construcci\u00f3n. En los \u00faltimos a\u00f1os, ha ido ampliando sus actuaciones en otros sectores complementarios con su actividad principal. Adem\u00e1s de estar especializada en Infraestructuras, con amplia experiencia en estudios, proyectos, obras y direcciones de obra, tambi\u00e9n ofrece servicios de Project Management, Real Estate y Recursos Naturales. GRUPO GESTINVER cuenta con un amplio y completo equipo que ha participado en m\u00faltiples proyectos, en diferentes organizaciones, aportando su contrastada experiencia en cada uno de los retos que afronta la compa\u00f1\u00eda. Tenemos una vocaci\u00f3n de trabajo enfocada hacia nuestros clientes, desarrollando una buena gesti\u00f3n tanto de recursos humanos como de ejecuci\u00f3n de proyectos, fruto de la cual podemos garantizar la calidad de nuestro trabajo en cualquier \u00e1mbito. \t<\/p>\n\t\t\t<\/div>\n\t<\/div>\n<\/div>\n<div class=\"qodef-e qodef-e-item elementor-repeater-item-712173c qodef-reverse\">\n\t<div class=\"qodef-e-line-holder\">\n\t\t<span class=\"qodef-e-line\"><\/span>\n\t<\/div>\n\t<div class=\"qodef-e-item-inner\">\n\t\t<div class=\"qodef-e-point-holder\">\n\t\t\t<div class=\"qodef-e-point\">\n\t\t\t\t\t\t\t<\/div>\n\t\t<\/div>\n\t\t<div class=\"qodef-e-side-holder\">\n\t\t\t<div class=\"qodef-e-image\">\n\t<img decoding=\"async\" width=\"1300\" height=\"650\" src=\"https:\/\/grupogestinver.com\/wp-content\/uploads\/2025\/03\/IMG_9567-1300x650.jpg\" class=\"attachment-qi_addons_for_elementor_image_size_landscape size-qi_addons_for_elementor_image_size_landscape\" alt=\"Equipo Urbamed\" \/><\/div>\n\t\t<\/div>\n\t\t<div class=\"qodef-e-content-holder\">\n\t\t\t\t\t\t\t<h5 class=\"qodef-e-title\">\n\t\tThe Team\t\t<\/h5>\n\t\t\t\t\t<p class=\"qodef-e-text\">\n\t\tEl equipo humano de GRUPO GESTINVER est\u00e1 formado por profesionales de diferentes \u00e1reas (ingenier\u00eda, arquitectura, financiera, legal, etc.) que ha participado en m\u00faltiples proyectos, aportando su amplia experiencia. Consideramos que nuestro mejor valor son las personas que forman el equipo humano de la organizaci\u00f3n, y para ello, estamos empleando cada vez m\u00e1s recursos y esfuerzos en atraer, desarrollar y potenciar a los empleados, trabajando en una gesti\u00f3n integral del talento. Potenciamos la formaci\u00f3n continua de nuestros trabajadores, posibilitando el desarrollo de su carrera profesional, y los  incorporamos en la pol\u00edtica de Responsabilidad Social Corporativa de la compa\u00f1\u00eda. \t<\/p>\n\t\t\t<\/div>\n\t<\/div>\n<\/div>\n<div class=\"qodef-e qodef-e-item elementor-repeater-item-1bd36fe qodef-obverse\">\n\t<div class=\"qodef-e-line-holder\">\n\t\t<span class=\"qodef-e-line\"><\/span>\n\t<\/div>\n\t<div class=\"qodef-e-item-inner\">\n\t\t<div class=\"qodef-e-point-holder\">\n\t\t\t<div class=\"qodef-e-point\">\n\t\t\t\t\t\t\t<\/div>\n\t\t<\/div>\n\t\t<div class=\"qodef-e-side-holder\">\n\t\t\t<div class=\"qodef-e-image\">\n\t<img decoding=\"async\" width=\"1300\" height=\"650\" src=\"https:\/\/grupogestinver.com\/wp-content\/uploads\/2022\/10\/mision-1300x650.jpg\" class=\"attachment-qi_addons_for_elementor_image_size_landscape size-qi_addons_for_elementor_image_size_landscape\" alt=\"\" \/><\/div>\n\t\t<\/div>\n\t\t<div class=\"qodef-e-content-holder\">\n\t\t\t\t\t\t\t<h5 class=\"qodef-e-title\">\n\t\tOur philosophy, mision, vision and values\t\t<\/h5>\n\t\t\t\t\t<p class=\"qodef-e-text\">\n\t\tLa filosof\u00eda de GRUPO GESTINVER est\u00e1 basada en una Direcci\u00f3n Integral de Proyectos que permite el desarrollo de actuaciones desde el origen y planteamiento previo, hasta el cierre del mismo, as\u00ed como el an\u00e1lisis de nuevas oportunidades de venta o la explotaci\u00f3n de la obra, una vez finalizada.\n\nA lo largo de nuestra trayectoria, la misi\u00f3n de GRUPO GESTINVER ha sido desarrollar todos nuestros proyectos con estos principios, siendo el cliente la principal raz\u00f3n de ser de nuestro trabajo. La visi\u00f3n de la empresa es consolidar y mantener el liderazgo en el mercado, solucionando los problemas t\u00e9cnicos con los que se encuentra cualquier administraci\u00f3n o empresa privada a la que se pueda aportar un servicio de consultor\u00eda. Nuestros valores son el fundamento de nuestra misi\u00f3n.\t<\/p>\n\t\t\t<\/div>\n\t<\/div>\n<\/div>\n<\/div>\n\t\t\t\t<\/div>\n\t\t\t\t<\/div>\n\t\t\t\t\t<\/div>\n\t\t<\/div>\n\t\t\t\t\t<\/div>\n\t\t<\/section>\n\t\t\t\t<\/div>","protected":false},"excerpt":{"rendered":"<p>La empresa GRUPO GESTINVER es una compa\u00f1\u00eda valenciana integrada en el sector de la construcci\u00f3n. En los \u00faltimos a\u00f1os, ha ido ampliando sus actuaciones en otros sectores complementarios con su actividad principal. Adem\u00e1s de estar especializada en Infraestructuras, con amplia experiencia en estudios, proyectos, obras y direcciones de obra, tambi\u00e9n ofrece servicios de Project Management, [&hellip;]<\/p>","protected":false},"author":1,"featured_media":0,"parent":0,"menu_order":0,"comment_status":"closed","ping_status":"closed","template":"","meta":{"footnotes":""},"class_list":["post-6510","page","type-page","status-publish","hentry"],"yoast_head":"<!-- This site is optimized with the Yoast SEO plugin v26.8 - https:\/\/yoast.com\/product\/yoast-seo-wordpress\/ -->\n<title>Qui\u00e9nes somos - Grupo Gestinver<\/title>\n<meta name=\"robots\" content=\"index, follow, max-snippet:-1, max-image-preview:large, max-video-preview:-1\" \/>\n<link rel=\"canonical\" href=\"https:\/\/grupogestinver.com\/en\/quienes-somos\/\" \/>\n<meta property=\"og:locale\" content=\"en_GB\" \/>\n<meta property=\"og:type\" content=\"article\" \/>\n<meta property=\"og:title\" content=\"Qui\u00e9nes somos - Grupo Gestinver\" \/>\n<meta property=\"og:description\" content=\"La empresa GRUPO GESTINVER es una compa\u00f1\u00eda valenciana integrada en el sector de la construcci\u00f3n. En los \u00faltimos a\u00f1os, ha ido ampliando sus actuaciones en otros sectores complementarios con su actividad principal. Adem\u00e1s de estar especializada en Infraestructuras, con amplia experiencia en estudios, proyectos, obras y direcciones de obra, tambi\u00e9n ofrece servicios de Project Management, [&hellip;]\" \/>\n<meta property=\"og:url\" content=\"https:\/\/grupogestinver.com\/en\/quienes-somos\/\" \/>\n<meta property=\"og:site_name\" content=\"Grupo Gestinver\" \/>\n<meta property=\"article:modified_time\" content=\"2025-03-27T10:41:06+00:00\" \/>\n<meta property=\"og:image\" content=\"https:\/\/grupogestinver.com\/wp-content\/uploads\/2025\/01\/Logo_Gestinver_negro.png\" \/>\n<meta name=\"twitter:card\" content=\"summary_large_image\" \/>\n<meta name=\"twitter:label1\" content=\"Estimated reading time\" \/>\n\t<meta name=\"twitter:data1\" content=\"3 minutes\" \/>\n<script type=\"application\/ld+json\" class=\"yoast-schema-graph\">{\"@context\":\"https:\/\/schema.org\",\"@graph\":[{\"@type\":\"WebPage\",\"@id\":\"https:\/\/grupogestinver.com\/quienes-somos\/\",\"url\":\"https:\/\/grupogestinver.com\/quienes-somos\/\",\"name\":\"Qui\u00e9nes somos - Grupo Gestinver\",\"isPartOf\":{\"@id\":\"https:\/\/grupogestinver.com\/#website\"},\"primaryImageOfPage\":{\"@id\":\"https:\/\/grupogestinver.com\/quienes-somos\/#primaryimage\"},\"image\":{\"@id\":\"https:\/\/grupogestinver.com\/quienes-somos\/#primaryimage\"},\"thumbnailUrl\":\"https:\/\/grupogestinver.com\/wp-content\/uploads\/2025\/01\/Logo_Gestinver_negro.png\",\"datePublished\":\"2022-09-23T14:17:42+00:00\",\"dateModified\":\"2025-03-27T10:41:06+00:00\",\"breadcrumb\":{\"@id\":\"https:\/\/grupogestinver.com\/quienes-somos\/#breadcrumb\"},\"inLanguage\":\"en-GB\",\"potentialAction\":[{\"@type\":\"ReadAction\",\"target\":[\"https:\/\/grupogestinver.com\/quienes-somos\/\"]}]},{\"@type\":\"ImageObject\",\"inLanguage\":\"en-GB\",\"@id\":\"https:\/\/grupogestinver.com\/quienes-somos\/#primaryimage\",\"url\":\"https:\/\/grupogestinver.com\/wp-content\/uploads\/2025\/01\/Logo_Gestinver_negro.png\",\"contentUrl\":\"https:\/\/grupogestinver.com\/wp-content\/uploads\/2025\/01\/Logo_Gestinver_negro.png\"},{\"@type\":\"BreadcrumbList\",\"@id\":\"https:\/\/grupogestinver.com\/quienes-somos\/#breadcrumb\",\"itemListElement\":[{\"@type\":\"ListItem\",\"position\":1,\"name\":\"Portada\",\"item\":\"https:\/\/grupogestinver.com\/\"},{\"@type\":\"ListItem\",\"position\":2,\"name\":\"Qui\u00e9nes somos\"}]},{\"@type\":\"WebSite\",\"@id\":\"https:\/\/grupogestinver.com\/#website\",\"url\":\"https:\/\/grupogestinver.com\/\",\"name\":\"Grupo Gestinver\",\"description\":\"Grupo Gestinver es un grupo empresarial valenciano integrado en el sector de la construcci\u00f3n\",\"publisher\":{\"@id\":\"https:\/\/grupogestinver.com\/#organization\"},\"potentialAction\":[{\"@type\":\"SearchAction\",\"target\":{\"@type\":\"EntryPoint\",\"urlTemplate\":\"https:\/\/grupogestinver.com\/?s={search_term_string}\"},\"query-input\":{\"@type\":\"PropertyValueSpecification\",\"valueRequired\":true,\"valueName\":\"search_term_string\"}}],\"inLanguage\":\"en-GB\"},{\"@type\":\"Organization\",\"@id\":\"https:\/\/grupogestinver.com\/#organization\",\"name\":\"Grupo Gestinver\",\"url\":\"https:\/\/grupogestinver.com\/\",\"logo\":{\"@type\":\"ImageObject\",\"inLanguage\":\"en-GB\",\"@id\":\"https:\/\/grupogestinver.com\/#\/schema\/logo\/image\/\",\"url\":\"https:\/\/grupogestinver.com\/wp-content\/uploads\/2025\/01\/Logo_Gestinver_negro.png\",\"contentUrl\":\"https:\/\/grupogestinver.com\/wp-content\/uploads\/2025\/01\/Logo_Gestinver_negro.png\",\"width\":681,\"height\":175,\"caption\":\"Grupo Gestinver\"},\"image\":{\"@id\":\"https:\/\/grupogestinver.com\/#\/schema\/logo\/image\/\"}}]}<\/script>\n<!-- \/ Yoast SEO plugin. -->","yoast_head_json":{"title":"Qui\u00e9nes somos - Grupo Gestinver","robots":{"index":"index","follow":"follow","max-snippet":"max-snippet:-1","max-image-preview":"max-image-preview:large","max-video-preview":"max-video-preview:-1"},"canonical":"https:\/\/grupogestinver.com\/en\/quienes-somos\/","og_locale":"en_GB","og_type":"article","og_title":"Qui\u00e9nes somos - Grupo Gestinver","og_description":"La empresa GRUPO GESTINVER es una compa\u00f1\u00eda valenciana integrada en el sector de la construcci\u00f3n. En los \u00faltimos a\u00f1os, ha ido ampliando sus actuaciones en otros sectores complementarios con su actividad principal. Adem\u00e1s de estar especializada en Infraestructuras, con amplia experiencia en estudios, proyectos, obras y direcciones de obra, tambi\u00e9n ofrece servicios de Project Management, [&hellip;]","og_url":"https:\/\/grupogestinver.com\/en\/quienes-somos\/","og_site_name":"Grupo Gestinver","article_modified_time":"2025-03-27T10:41:06+00:00","og_image":[{"url":"https:\/\/grupogestinver.com\/wp-content\/uploads\/2025\/01\/Logo_Gestinver_negro.png","type":"","width":"","height":""}],"twitter_card":"summary_large_image","twitter_misc":{"Estimated reading time":"3 minutes"},"schema":{"@context":"https:\/\/schema.org","@graph":[{"@type":"WebPage","@id":"https:\/\/grupogestinver.com\/quienes-somos\/","url":"https:\/\/grupogestinver.com\/quienes-somos\/","name":"Qui\u00e9nes somos - Grupo Gestinver","isPartOf":{"@id":"https:\/\/grupogestinver.com\/#website"},"primaryImageOfPage":{"@id":"https:\/\/grupogestinver.com\/quienes-somos\/#primaryimage"},"image":{"@id":"https:\/\/grupogestinver.com\/quienes-somos\/#primaryimage"},"thumbnailUrl":"https:\/\/grupogestinver.com\/wp-content\/uploads\/2025\/01\/Logo_Gestinver_negro.png","datePublished":"2022-09-23T14:17:42+00:00","dateModified":"2025-03-27T10:41:06+00:00","breadcrumb":{"@id":"https:\/\/grupogestinver.com\/quienes-somos\/#breadcrumb"},"inLanguage":"en-GB","potentialAction":[{"@type":"ReadAction","target":["https:\/\/grupogestinver.com\/quienes-somos\/"]}]},{"@type":"ImageObject","inLanguage":"en-GB","@id":"https:\/\/grupogestinver.com\/quienes-somos\/#primaryimage","url":"https:\/\/grupogestinver.com\/wp-content\/uploads\/2025\/01\/Logo_Gestinver_negro.png","contentUrl":"https:\/\/grupogestinver.com\/wp-content\/uploads\/2025\/01\/Logo_Gestinver_negro.png"},{"@type":"BreadcrumbList","@id":"https:\/\/grupogestinver.com\/quienes-somos\/#breadcrumb","itemListElement":[{"@type":"ListItem","position":1,"name":"Portada","item":"https:\/\/grupogestinver.com\/"},{"@type":"ListItem","position":2,"name":"Qui\u00e9nes somos"}]},{"@type":"WebSite","@id":"https:\/\/grupogestinver.com\/#website","url":"https:\/\/grupogestinver.com\/","name":"Grupo Gestinver","description":"Grupo Gestinver es un grupo empresarial valenciano integrado en el sector de la construcci\u00f3n","publisher":{"@id":"https:\/\/grupogestinver.com\/#organization"},"potentialAction":[{"@type":"SearchAction","target":{"@type":"EntryPoint","urlTemplate":"https:\/\/grupogestinver.com\/?s={search_term_string}"},"query-input":{"@type":"PropertyValueSpecification","valueRequired":true,"valueName":"search_term_string"}}],"inLanguage":"en-GB"},{"@type":"Organization","@id":"https:\/\/grupogestinver.com\/#organization","name":"Grupo Gestinver","url":"https:\/\/grupogestinver.com\/","logo":{"@type":"ImageObject","inLanguage":"en-GB","@id":"https:\/\/grupogestinver.com\/#\/schema\/logo\/image\/","url":"https:\/\/grupogestinver.com\/wp-content\/uploads\/2025\/01\/Logo_Gestinver_negro.png","contentUrl":"https:\/\/grupogestinver.com\/wp-content\/uploads\/2025\/01\/Logo_Gestinver_negro.png","width":681,"height":175,"caption":"Grupo Gestinver"},"image":{"@id":"https:\/\/grupogestinver.com\/#\/schema\/logo\/image\/"}}]}},"_links":{"self":[{"href":"https:\/\/grupogestinver.com\/en\/wp-json\/wp\/v2\/pages\/6510","targetHints":{"allow":["GET"]}}],"collection":[{"href":"https:\/\/grupogestinver.com\/en\/wp-json\/wp\/v2\/pages"}],"about":[{"href":"https:\/\/grupogestinver.com\/en\/wp-json\/wp\/v2\/types\/page"}],"author":[{"embeddable":true,"href":"https:\/\/grupogestinver.com\/en\/wp-json\/wp\/v2\/users\/1"}],"replies":[{"embeddable":true,"href":"https:\/\/grupogestinver.com\/en\/wp-json\/wp\/v2\/comments?post=6510"}],"version-history":[{"count":69,"href":"https:\/\/grupogestinver.com\/en\/wp-json\/wp\/v2\/pages\/6510\/revisions"}],"predecessor-version":[{"id":8248,"href":"https:\/\/grupogestinver.com\/en\/wp-json\/wp\/v2\/pages\/6510\/revisions\/8248"}],"wp:attachment":[{"href":"https:\/\/grupogestinver.com\/en\/wp-json\/wp\/v2\/media?parent=6510"}],"curies":[{"name":"wp","href":"https:\/\/api.w.org\/{rel}","templated":true}]}}